{"id":2257,"date":"2021-09-24T09:28:42","date_gmt":"2021-09-24T09:28:42","guid":{"rendered":"https:\/\/blanquette.qodeinteractive.com\/?page_id=2257"},"modified":"2022-08-09T11:19:15","modified_gmt":"2022-08-09T11:19:15","slug":"contact-us","status":"publish","type":"page","link":"http:\/\/casa49.lu\/?page_id=2257","title":{"rendered":"Contact"},"content":{"rendered":"\t\t<div data-elementor-type=\"wp-page\" data-elementor-id=\"2257\" class=\"elementor elementor-2257\">\n\t\t\t\t\t\t\t\t\t<section class=\"elementor-section elementor-top-section elementor-element elementor-element-0d6ad11 qodef-elementor-content-grid elementor-section-boxed elementor-section-height-default elementor-section-height-default\" data-id=\"0d6ad11\" data-element_type=\"section\">\n\t\t\t\t\t\t<div class=\"elementor-container elementor-column-gap-default\">\n\t\t\t\t\t<div class=\"elementor-column elementor-col-100 elementor-top-column elementor-element elementor-element-4ac4cc9\" data-id=\"4ac4cc9\" data-element_type=\"column\">\n\t\t\t<div class=\"elementor-widget-wrap elementor-element-populated\">\n\t\t\t\t\t\t\t\t<div class=\"elementor-element elementor-element-70e945b elementor-widget elementor-widget-blanquette_core_google_map\" data-id=\"70e945b\" data-element_type=\"widget\" data-widget_type=\"blanquette_core_google_map.default\">\n\t\t\t\t<div class=\"elementor-widget-container\">\n\t\t\t<div class=\"qodef-shortcode qodef-m  qodef-google-map\">\n\t<div class=\"qodef-m-map\" id=\"qodef-map-id--340\" data-addresses='[\"https:\/\/www.google.com\/maps\/place\/Liberty+Corner,+Bernards,+%D0%8A%D1%83+%D0%8F%D0%B5%D1%80%D1%81%D0%B8+07920,+%D0%A1%D1%98%D0%B5%D0%B4%D0%B8%D1%9A%D0%B5%D0%BD%D0%B5+%D0%94%D1%80%D0%B6%D0%B0%D0%B2%D0%B5\/@40.6500118,-74.6127381,14z\/data=!3m1!4b1!4m13!1m7!3m6!1s0x89c24fa5d33f083b:0xc80b8f06e177fe62!2z0IrRg9GY0L7RgNC6LCDQodGY0LXQtNC40ZrQtdC90LUg0JTRgNC20LDQstC1!3b1!8m2!3d40.7127753!4d-74.0059728!3m4!1s0x89c3bd91616c18fd:0xce54b19bbb9b25dd!8m2!3d40.6461412!4d-74.5873348\",\"https:\/\/www.google.com\/maps\/place\/%D0%8A%D1%83%D1%98%D0%BE%D1%80%D0%BA,+%D0%A1%D1%98%D0%B5%D0%B4%D0%B8%D1%9A%D0%B5%D0%BD%D0%B5+%D0%94%D1%80%D0%B6%D0%B0%D0%B2%D0%B5\/@40.64249,-74.6090045,15z\/data=!4m5!3m4!1s0x89c24fa5d33f083b:0xc80b8f06e177fe62!8m2!3d40.7127753!4d-74.0059728\",\"https:\/\/www.google.com\/maps\/place\/%D0%8A%D1%83%D1%98%D0%BE%D1%80%D0%BA,+%D0%A1%D1%98%D0%B5%D0%B4%D0%B8%D1%9A%D0%B5%D0%BD%D0%B5+%D0%94%D1%80%D0%B6%D0%B0%D0%B2%D0%B5\/@40.6404995,-74.5820643,18z\/data=!4m5!3m4!1s0x89c24fa5d33f083b:0xc80b8f06e177fe62!8m2!3d40.7127753!4d-74.0059728\"]' data-pin=http:\/\/casa49.lu\/wp-content\/uploads\/2022\/03\/map-pin-blanquette.png data-unique-id=340 data-height=600><\/div>\n<\/div>\n\t\t<\/div>\n\t\t\t\t<\/div>\n\t\t\t\t\t<\/div>\n\t\t<\/div>\n\t\t\t\t\t\t\t<\/div>\n\t\t<\/section>\n\t\t\t\t<section class=\"elementor-section elementor-top-section elementor-element elementor-element-6b153bf qodef-elementor-content-grid elementor-section-boxed elementor-section-height-default elementor-section-height-default\" data-id=\"6b153bf\" data-element_type=\"section\">\n\t\t\t\t\t\t<div class=\"elementor-container elementor-column-gap-default\">\n\t\t\t\t\t<div class=\"elementor-column elementor-col-25 elementor-top-column elementor-element elementor-element-6ef3f8c\" data-id=\"6ef3f8c\" data-element_type=\"column\">\n\t\t\t<div class=\"elementor-widget-wrap elementor-element-populated\">\n\t\t\t\t\t\t\t\t<div class=\"elementor-element elementor-element-f34fa19 elementor-widget elementor-widget-image\" data-id=\"f34fa19\" data-element_type=\"widget\" data-widget_type=\"image.default\">\n\t\t\t\t<div class=\"elementor-widget-container\">\n\t\t\t<style>\/*! elementor - v3.6.7 - 03-07-2022 *\/\n.elementor-widget-image{text-align:center}.elementor-widget-image a{display:inline-block}.elementor-widget-image a img[src$=\".svg\"]{width:48px}.elementor-widget-image img{vertical-align:middle;display:inline-block}<\/style>\t\t\t\t\t\t\t\t\t\t\t\t<img width=\"150\" height=\"150\" src=\"http:\/\/casa49.lu\/wp-content\/uploads\/2022\/06\/logoCouleur-150x150.png\" class=\"attachment-thumbnail size-thumbnail\" alt=\"\" loading=\"lazy\" srcset=\"http:\/\/casa49.lu\/wp-content\/uploads\/2022\/06\/logoCouleur-150x150.png 150w, http:\/\/casa49.lu\/wp-content\/uploads\/2022\/06\/logoCouleur-300x300.png 300w, http:\/\/casa49.lu\/wp-content\/uploads\/2022\/06\/logoCouleur-100x100.png 100w, http:\/\/casa49.lu\/wp-content\/uploads\/2022\/06\/logoCouleur-600x600.png 600w, http:\/\/casa49.lu\/wp-content\/uploads\/2022\/06\/logoCouleur-768x768.png 768w, http:\/\/casa49.lu\/wp-content\/uploads\/2022\/06\/logoCouleur-650x650.png 650w, http:\/\/casa49.lu\/wp-content\/uploads\/2022\/06\/logoCouleur.png 1000w\" sizes=\"(max-width: 150px) 100vw, 150px\" \/>\t\t\t\t\t\t\t\t\t\t\t\t\t\t\t<\/div>\n\t\t\t\t<\/div>\n\t\t\t\t\t<\/div>\n\t\t<\/div>\n\t\t\t\t<div class=\"elementor-column elementor-col-25 elementor-top-column elementor-element elementor-element-672d67c\" data-id=\"672d67c\" data-element_type=\"column\">\n\t\t\t<div class=\"elementor-widget-wrap elementor-element-populated\">\n\t\t\t\t\t\t\t\t<div class=\"elementor-element elementor-element-cec0d61 elementor-widget elementor-widget-blanquette_core_section_title\" data-id=\"cec0d61\" data-element_type=\"widget\" data-widget_type=\"blanquette_core_section_title.default\">\n\t\t\t\t<div class=\"elementor-widget-container\">\n\t\t\t<div class=\"qodef-shortcode qodef-m  qodef-section-title qodef-alignment--left \">\n\t\t\t<h5 class=\"qodef-m-title\" >\n\t\t\t\t\tCASA 49\t\t\t<\/h5>\n\t\t<\/div>\n\t\t<\/div>\n\t\t\t\t<\/div>\n\t\t\t\t<div class=\"elementor-element elementor-element-1434af7 elementor-widget elementor-widget-blanquette_core_icon_list_item\" data-id=\"1434af7\" data-element_type=\"widget\" data-widget_type=\"blanquette_core_icon_list_item.default\">\n\t\t\t\t<div class=\"elementor-widget-container\">\n\t\t\t<div class=\"qodef-icon-list-item qodef-icon--icon-pack\" >\n\t<p class=\"qodef-e-title\" >\n\t\t\t\t\t<a itemprop=\"url\" href=\"https:\/\/www.google.com\/maps\/place\/H%C3%B4tel+Casa+49\/@49.5518357,6.3767482,17z\/data=!3m1!4b1!4m8!3m7!1s0x47956a8bf2595555:0x31eac9ddb7b7da86!5m2!4m1!1i2!8m2!3d49.551824!4d6.3789679\" target=\"_blank\">\n\t\t\t\t\t<span class=\"qodef-e-title-inner\">\n\t\t\t\t<span class=\"qodef-shortcode qodef-m  qodef-icon-holder  qodef-layout--normal\"  style=\"margin: 0px 7px 0px 0px\">\t\t\t<span class=\"qodef-icon-font-awesome fa fa-globe-asia qodef-icon qodef-e\" style=\"\" ><\/span>\t<\/span>\t\t\t\t<span class=\"qodef-e-title-text\">49, route de Stadtbredimus<\/span>\n\t\t\t<\/span>\n\t\t\t\t\t<\/a>\n\t\t\t<\/p>\n<\/div>\n\t\t<\/div>\n\t\t\t\t<\/div>\n\t\t\t\t<div class=\"elementor-element elementor-element-db71e40 elementor-widget elementor-widget-blanquette_core_icon_list_item\" data-id=\"db71e40\" data-element_type=\"widget\" data-widget_type=\"blanquette_core_icon_list_item.default\">\n\t\t\t\t<div class=\"elementor-widget-container\">\n\t\t\t<div class=\"qodef-icon-list-item qodef-icon--icon-pack\" >\n\t<p class=\"qodef-e-title\" >\n\t\t\t\t\t<a itemprop=\"url\" href=\"https:\/\/www.google.com\/maps\/place\/H%C3%B4tel+Casa+49\/@49.5518357,6.3767482,17z\/data=!3m1!4b1!4m8!3m7!1s0x47956a8bf2595555:0x31eac9ddb7b7da86!5m2!4m1!1i2!8m2!3d49.551824!4d6.3789679\" target=\"_blank\">\n\t\t\t\t\t<span class=\"qodef-e-title-inner\">\n\t\t\t\t<span class=\"qodef-shortcode qodef-m  qodef-icon-holder  qodef-layout--normal\"  style=\"margin: 0px 11px 0px 0px\">\t\t\t<span class=\"qodef-icon-font-awesome fa fa-map-marker qodef-icon qodef-e\" style=\"\" ><\/span>\t<\/span>\t\t\t\t<span class=\"qodef-e-title-text\">Remich<\/span>\n\t\t\t<\/span>\n\t\t\t\t\t<\/a>\n\t\t\t<\/p>\n<\/div>\n\t\t<\/div>\n\t\t\t\t<\/div>\n\t\t\t\t<div class=\"elementor-element elementor-element-5d46de6 elementor-widget elementor-widget-blanquette_core_icon_list_item\" data-id=\"5d46de6\" data-element_type=\"widget\" data-widget_type=\"blanquette_core_icon_list_item.default\">\n\t\t\t\t<div class=\"elementor-widget-container\">\n\t\t\t<div class=\"qodef-icon-list-item qodef-icon--icon-pack\" >\n\t<p class=\"qodef-e-title\" >\n\t\t\t\t\t<a itemprop=\"url\" href=\"tel:+35226660534\" target=\"_blank\">\n\t\t\t\t\t<span class=\"qodef-e-title-inner\">\n\t\t\t\t<span class=\"qodef-shortcode qodef-m  qodef-icon-holder  qodef-layout--normal\"  >\t\t\t<span class=\"qodef-icon-font-awesome fa fa-phone-alt qodef-icon qodef-e\" style=\"\" ><\/span>\t<\/span>\t\t\t\t<span class=\"qodef-e-title-text\">+352 26 66 05 34<\/span>\n\t\t\t<\/span>\n\t\t\t\t\t<\/a>\n\t\t\t<\/p>\n<\/div>\n\t\t<\/div>\n\t\t\t\t<\/div>\n\t\t\t\t<div class=\"elementor-element elementor-element-f396638 elementor-widget elementor-widget-blanquette_core_icon_list_item\" data-id=\"f396638\" data-element_type=\"widget\" data-widget_type=\"blanquette_core_icon_list_item.default\">\n\t\t\t\t<div class=\"elementor-widget-container\">\n\t\t\t<div class=\"qodef-icon-list-item qodef-icon--icon-pack\" >\n\t<p class=\"qodef-e-title\" >\n\t\t\t\t\t<span class=\"qodef-e-title-inner\">\n\t\t\t\t<span class=\"qodef-shortcode qodef-m  qodef-icon-holder  qodef-layout--normal\"  >\t\t\t<span class=\"qodef-icon-font-awesome fa fa-mail-bulk qodef-icon qodef-e\" style=\"\" ><\/span>\t<\/span>\t\t\t\t<span class=\"qodef-e-title-text\">info@casa49.lu<\/span>\n\t\t\t<\/span>\n\t\t\t<\/p>\n<\/div>\n\t\t<\/div>\n\t\t\t\t<\/div>\n\t\t\t\t\t<\/div>\n\t\t<\/div>\n\t\t\t\t<div class=\"elementor-column elementor-col-25 elementor-top-column elementor-element elementor-element-aefcb51\" data-id=\"aefcb51\" data-element_type=\"column\">\n\t\t\t<div class=\"elementor-widget-wrap elementor-element-populated\">\n\t\t\t\t\t\t\t\t<div class=\"elementor-element elementor-element-3a5477f elementor-view-default elementor-mobile-position-top elementor-vertical-align-top elementor-widget elementor-widget-icon-box\" data-id=\"3a5477f\" data-element_type=\"widget\" data-widget_type=\"icon-box.default\">\n\t\t\t\t<div class=\"elementor-widget-container\">\n\t\t\t<link rel=\"stylesheet\" href=\"http:\/\/casa49.lu\/wp-content\/plugins\/elementor\/assets\/css\/widget-icon-box.min.css\">\t\t<div class=\"elementor-icon-box-wrapper\">\n\t\t\t\t\t\t<div class=\"elementor-icon-box-icon\">\n\t\t\t\t<span class=\"elementor-icon elementor-animation-\" >\n\t\t\t\t<i aria-hidden=\"true\" class=\"far fa-clock\"><\/i>\t\t\t\t<\/span>\n\t\t\t<\/div>\n\t\t\t\t\t\t<div class=\"elementor-icon-box-content\">\n\t\t\t\t<p class=\"elementor-icon-box-title\">\n\t\t\t\t\t<span  >\n\t\t\t\t\t\t\t\t\t\t\t<\/span>\n\t\t\t\t<\/p>\n\t\t\t\t\t\t\t\t\t<p class=\"elementor-icon-box-description\">\n\t\t\t\t\t\tNotre restaurant est ferm\u00e9 dimanche, lundi et jours f\u00e9ri\u00e9s.\t\t\t\t\t<\/p>\n\t\t\t\t\t\t\t<\/div>\n\t\t<\/div>\n\t\t\t\t<\/div>\n\t\t\t\t<\/div>\n\t\t\t\t\t<\/div>\n\t\t<\/div>\n\t\t\t\t<div class=\"elementor-column elementor-col-25 elementor-top-column elementor-element elementor-element-bb9fabb\" data-id=\"bb9fabb\" data-element_type=\"column\">\n\t\t\t<div class=\"elementor-widget-wrap\">\n\t\t\t\t\t\t\t\t\t<\/div>\n\t\t<\/div>\n\t\t\t\t\t\t\t<\/div>\n\t\t<\/section>\n\t\t\t\t<section class=\"elementor-section elementor-top-section elementor-element elementor-element-70c0e85 qodef-elementor-content-grid elementor-section-boxed elementor-section-height-default elementor-section-height-default\" data-id=\"70c0e85\" data-element_type=\"section\">\n\t\t\t\t\t\t<div class=\"elementor-container elementor-column-gap-default\">\n\t\t\t\t\t<div class=\"elementor-column elementor-col-50 elementor-top-column elementor-element elementor-element-fa43c1b\" data-id=\"fa43c1b\" data-element_type=\"column\" data-settings=\"{&quot;background_background&quot;:&quot;classic&quot;}\">\n\t\t\t<div class=\"elementor-widget-wrap elementor-element-populated\">\n\t\t\t\t\t\t\t\t<div class=\"elementor-element elementor-element-44eb59b elementor-widget elementor-widget-wpforms\" data-id=\"44eb59b\" data-element_type=\"widget\" data-widget_type=\"wpforms.default\">\n\t\t\t\t<div class=\"elementor-widget-container\">\n\t\t\t<div class=\"wpforms-container wpforms-container-full\" id=\"wpforms-9054\"><form id=\"wpforms-form-9054\" class=\"wpforms-validate wpforms-form wpforms-ajax-form\" data-formid=\"9054\" method=\"post\" enctype=\"multipart\/form-data\" action=\"\/index.php?rest_route=%2Fwp%2Fv2%2Fpages%2F2257\" data-token=\"53eb5ab2cf937672ae04b1a86785df7e\" data-token-time=\"1777389285\"><noscript class=\"wpforms-error-noscript\">Veuillez activer JavaScript dans votre navigateur pour remplir ce formulaire.<\/noscript><div class=\"wpforms-field-container\"><div id=\"wpforms-9054-field_0-container\" class=\"wpforms-field wpforms-field-name\" data-field-id=\"0\"><label class=\"wpforms-field-label\" for=\"wpforms-9054-field_0\">Pr\u00e9nom &amp; Nom <span class=\"wpforms-required-label\">*<\/span><\/label><input type=\"text\" id=\"wpforms-9054-field_0\" class=\"wpforms-field-medium wpforms-field-required\" name=\"wpforms[fields][0]\" required><\/div><div id=\"wpforms-9054-field_1-container\" class=\"wpforms-field wpforms-field-email\" data-field-id=\"1\"><label class=\"wpforms-field-label\" for=\"wpforms-9054-field_1\">Email <span class=\"wpforms-required-label\">*<\/span><\/label><input type=\"email\" id=\"wpforms-9054-field_1\" class=\"wpforms-field-medium wpforms-field-required\" name=\"wpforms[fields][1]\" spellcheck=\"false\" required><\/div><div id=\"wpforms-9054-field_2-container\" class=\"wpforms-field wpforms-field-textarea\" data-field-id=\"2\"><label class=\"wpforms-field-label\" for=\"wpforms-9054-field_2\">Message <span class=\"wpforms-required-label\">*<\/span><\/label><textarea id=\"wpforms-9054-field_2\" class=\"wpforms-field-medium wpforms-field-required\" name=\"wpforms[fields][2]\" required><\/textarea><\/div><\/div><!-- .wpforms-field-container --><div class=\"wpforms-recaptcha-container wpforms-is-recaptcha wpforms-is-recaptcha-type-v3\" ><input type=\"hidden\" name=\"wpforms[recaptcha]\" value=\"\"><\/div><div class=\"wpforms-submit-container\" ><input type=\"hidden\" name=\"wpforms[id]\" value=\"9054\"><input type=\"hidden\" name=\"page_title\" value=\"\"><input type=\"hidden\" name=\"page_url\" value=\"http:\/\/casa49.lu\/index.php?rest_route=\/wp\/v2\/pages\/2257\"><input type=\"hidden\" name=\"url_referer\" value=\"\"><button type=\"submit\" name=\"wpforms[submit]\" id=\"wpforms-submit-9054\" class=\"wpforms-submit\" data-alt-text=\"En cours d&#039;envoi...\" data-submit-text=\"Envoyer\" aria-live=\"assertive\" value=\"wpforms-submit\">Envoyer<\/button><img loading=\"lazy\" src=\"http:\/\/casa49.lu\/wp-content\/plugins\/wpforms-lite\/assets\/images\/submit-spin.svg\" class=\"wpforms-submit-spinner\" style=\"display: none;\" width=\"26\" height=\"26\" alt=\"Chargement en cours\"><\/div><\/form><\/div>  <!-- .wpforms-container -->\t\t<\/div>\n\t\t\t\t<\/div>\n\t\t\t\t\t<\/div>\n\t\t<\/div>\n\t\t\t\t<div class=\"elementor-column elementor-col-50 elementor-top-column elementor-element elementor-element-9c4c756\" data-id=\"9c4c756\" data-element_type=\"column\">\n\t\t\t<div class=\"elementor-widget-wrap elementor-element-populated\">\n\t\t\t\t\t\t\t\t<div class=\"elementor-element elementor-element-b1aa15f elementor-widget elementor-widget-blanquette_core_section_title\" data-id=\"b1aa15f\" data-element_type=\"widget\" data-widget_type=\"blanquette_core_section_title.default\">\n\t\t\t\t<div class=\"elementor-widget-container\">\n\t\t\t<div class=\"qodef-shortcode qodef-m  qodef-section-title qodef-alignment--left \">\n\t\t\t<h2 class=\"qodef-m-title\" >\n\t\t\t\t\tContactez-nous pour toutes questions ou informations\t\t\t<\/h2>\n\t\t<p class=\"qodef-m-section-text\" > Nous restons \u00e0 votre disposition pour toutes questions, informations ou demandes particuli\u00e8res.<\/p>\n\t<\/div>\n\t\t<\/div>\n\t\t\t\t<\/div>\n\t\t\t\t\t<\/div>\n\t\t<\/div>\n\t\t\t\t\t\t\t<\/div>\n\t\t<\/section>\n\t\t\t\t\t\t\t<\/div>\n\t\t","protected":false},"excerpt":{"rendered":"<p>CASA 49 49, route de Stadtbredimus Remich +352 26 66 05 34 info@casa49.lu Notre restaurant est ferm\u00e9 dimanche, lundi et jours f\u00e9ri\u00e9s. Contactez-nous pour toutes questions ou informations Nous restons \u00e0 votre disposition pour toutes questions, informations ou demandes particuli\u00e8res.<\/p>\n","protected":false},"author":2,"featured_media":0,"parent":0,"menu_order":0,"comment_status":"closed","ping_status":"closed","template":"page-full-width.php","meta":[],"aioseo_notices":[],"yoast_head":"<!-- This site is optimized with the Yoast SEO plugin v19.3 - https:\/\/yoast.com\/wordpress\/plugins\/seo\/ -->\n<title>Contact - Casa49<\/title>\n<meta name=\"robots\" content=\"index, follow, max-snippet:-1, max-image-preview:large, max-video-preview:-1\" \/>\n<link rel=\"canonical\" href=\"https:\/\/casa49.lu\/?page_id=2257\" \/>\n<meta property=\"og:locale\" content=\"fr_FR\" \/>\n<meta property=\"og:type\" content=\"article\" \/>\n<meta property=\"og:title\" content=\"Contact - Casa49\" \/>\n<meta property=\"og:description\" content=\"CASA 49 49, route de Stadtbredimus Remich +352 26 66 05 34 info@casa49.lu Notre restaurant est ferm\u00e9 dimanche, lundi et jours f\u00e9ri\u00e9s. Contactez-nous pour toutes questions ou informations Nous restons \u00e0 votre disposition pour toutes questions, informations ou demandes particuli\u00e8res.\" \/>\n<meta property=\"og:url\" content=\"https:\/\/casa49.lu\/?page_id=2257\" \/>\n<meta property=\"og:site_name\" content=\"Casa49\" \/>\n<meta property=\"article:modified_time\" content=\"2022-08-09T11:19:15+00:00\" \/>\n<meta property=\"og:image\" content=\"http:\/\/casa49.lu\/wp-content\/uploads\/2022\/06\/logoCouleur-150x150.png\" \/>\n<meta name=\"twitter:card\" content=\"summary_large_image\" \/>\n<meta name=\"twitter:label1\" content=\"Dur\u00e9e de lecture estim\u00e9e\" \/>\n\t<meta name=\"twitter:data1\" content=\"1 minute\" \/>\n<script type=\"application\/ld+json\" class=\"yoast-schema-graph\">{\"@context\":\"https:\/\/schema.org\",\"@graph\":[{\"@type\":\"WebSite\",\"@id\":\"https:\/\/casa49.lu\/#website\",\"url\":\"https:\/\/casa49.lu\/\",\"name\":\"Casa49\",\"description\":\"Hotel - Restaurant\",\"potentialAction\":[{\"@type\":\"SearchAction\",\"target\":{\"@type\":\"EntryPoint\",\"urlTemplate\":\"https:\/\/casa49.lu\/?s={search_term_string}\"},\"query-input\":\"required name=search_term_string\"}],\"inLanguage\":\"fr-FR\"},{\"@type\":\"ImageObject\",\"inLanguage\":\"fr-FR\",\"@id\":\"https:\/\/casa49.lu\/?page_id=2257#primaryimage\",\"url\":\"http:\/\/casa49.lu\/wp-content\/uploads\/2022\/06\/logoCouleur.png\",\"contentUrl\":\"http:\/\/casa49.lu\/wp-content\/uploads\/2022\/06\/logoCouleur.png\",\"width\":1000,\"height\":1000},{\"@type\":\"WebPage\",\"@id\":\"https:\/\/casa49.lu\/?page_id=2257\",\"url\":\"https:\/\/casa49.lu\/?page_id=2257\",\"name\":\"Contact - Casa49\",\"isPartOf\":{\"@id\":\"https:\/\/casa49.lu\/#website\"},\"primaryImageOfPage\":{\"@id\":\"https:\/\/casa49.lu\/?page_id=2257#primaryimage\"},\"datePublished\":\"2021-09-24T09:28:42+00:00\",\"dateModified\":\"2022-08-09T11:19:15+00:00\",\"breadcrumb\":{\"@id\":\"https:\/\/casa49.lu\/?page_id=2257#breadcrumb\"},\"inLanguage\":\"fr-FR\",\"potentialAction\":[{\"@type\":\"ReadAction\",\"target\":[\"https:\/\/casa49.lu\/?page_id=2257\"]}]},{\"@type\":\"BreadcrumbList\",\"@id\":\"https:\/\/casa49.lu\/?page_id=2257#breadcrumb\",\"itemListElement\":[{\"@type\":\"ListItem\",\"position\":1,\"name\":\"Home\",\"item\":\"https:\/\/casa49.lu\/\"},{\"@type\":\"ListItem\",\"position\":2,\"name\":\"Contact\"}]}]}<\/script>\n<!-- \/ Yoast SEO plugin. -->","yoast_head_json":{"title":"Contact - Casa49","robots":{"index":"index","follow":"follow","max-snippet":"max-snippet:-1","max-image-preview":"max-image-preview:large","max-video-preview":"max-video-preview:-1"},"canonical":"https:\/\/casa49.lu\/?page_id=2257","og_locale":"fr_FR","og_type":"article","og_title":"Contact - Casa49","og_description":"CASA 49 49, route de Stadtbredimus Remich +352 26 66 05 34 info@casa49.lu Notre restaurant est ferm\u00e9 dimanche, lundi et jours f\u00e9ri\u00e9s. Contactez-nous pour toutes questions ou informations Nous restons \u00e0 votre disposition pour toutes questions, informations ou demandes particuli\u00e8res.","og_url":"https:\/\/casa49.lu\/?page_id=2257","og_site_name":"Casa49","article_modified_time":"2022-08-09T11:19:15+00:00","og_image":[{"url":"http:\/\/casa49.lu\/wp-content\/uploads\/2022\/06\/logoCouleur-150x150.png"}],"twitter_card":"summary_large_image","twitter_misc":{"Dur\u00e9e de lecture estim\u00e9e":"1 minute"},"schema":{"@context":"https:\/\/schema.org","@graph":[{"@type":"WebSite","@id":"https:\/\/casa49.lu\/#website","url":"https:\/\/casa49.lu\/","name":"Casa49","description":"Hotel - Restaurant","potentialAction":[{"@type":"SearchAction","target":{"@type":"EntryPoint","urlTemplate":"https:\/\/casa49.lu\/?s={search_term_string}"},"query-input":"required name=search_term_string"}],"inLanguage":"fr-FR"},{"@type":"ImageObject","inLanguage":"fr-FR","@id":"https:\/\/casa49.lu\/?page_id=2257#primaryimage","url":"http:\/\/casa49.lu\/wp-content\/uploads\/2022\/06\/logoCouleur.png","contentUrl":"http:\/\/casa49.lu\/wp-content\/uploads\/2022\/06\/logoCouleur.png","width":1000,"height":1000},{"@type":"WebPage","@id":"https:\/\/casa49.lu\/?page_id=2257","url":"https:\/\/casa49.lu\/?page_id=2257","name":"Contact - Casa49","isPartOf":{"@id":"https:\/\/casa49.lu\/#website"},"primaryImageOfPage":{"@id":"https:\/\/casa49.lu\/?page_id=2257#primaryimage"},"datePublished":"2021-09-24T09:28:42+00:00","dateModified":"2022-08-09T11:19:15+00:00","breadcrumb":{"@id":"https:\/\/casa49.lu\/?page_id=2257#breadcrumb"},"inLanguage":"fr-FR","potentialAction":[{"@type":"ReadAction","target":["https:\/\/casa49.lu\/?page_id=2257"]}]},{"@type":"BreadcrumbList","@id":"https:\/\/casa49.lu\/?page_id=2257#breadcrumb","itemListElement":[{"@type":"ListItem","position":1,"name":"Home","item":"https:\/\/casa49.lu\/"},{"@type":"ListItem","position":2,"name":"Contact"}]}]}},"_links":{"self":[{"href":"http:\/\/casa49.lu\/index.php?rest_route=\/wp\/v2\/pages\/2257"}],"collection":[{"href":"http:\/\/casa49.lu\/index.php?rest_route=\/wp\/v2\/pages"}],"about":[{"href":"http:\/\/casa49.lu\/index.php?rest_route=\/wp\/v2\/types\/page"}],"author":[{"embeddable":true,"href":"http:\/\/casa49.lu\/index.php?rest_route=\/wp\/v2\/users\/2"}],"replies":[{"embeddable":true,"href":"http:\/\/casa49.lu\/index.php?rest_route=%2Fwp%2Fv2%2Fcomments&post=2257"}],"version-history":[{"count":37,"href":"http:\/\/casa49.lu\/index.php?rest_route=\/wp\/v2\/pages\/2257\/revisions"}],"predecessor-version":[{"id":9259,"href":"http:\/\/casa49.lu\/index.php?rest_route=\/wp\/v2\/pages\/2257\/revisions\/9259"}],"wp:attachment":[{"href":"http:\/\/casa49.lu\/index.php?rest_route=%2Fwp%2Fv2%2Fmedia&parent=2257"}],"curies":[{"name":"wp","href":"https:\/\/api.w.org\/{rel}","templated":true}]}}