{"id":8942,"date":"2022-06-28T09:29:24","date_gmt":"2022-06-28T09:29:24","guid":{"rendered":"http:\/\/casa49.lu\/?page_id=8942"},"modified":"2026-03-16T12:48:09","modified_gmt":"2026-03-16T12:48:09","slug":"le-restaurant","status":"publish","type":"page","link":"http:\/\/casa49.lu\/?page_id=8942","title":{"rendered":"Le Restaurant"},"content":{"rendered":"\t\t<div data-elementor-type=\"wp-page\" data-elementor-id=\"8942\" class=\"elementor elementor-8942\">\n\t\t\t\t\t\t\t\t\t<section class=\"elementor-section elementor-top-section elementor-element elementor-element-0c8a9aa elementor-section-full_width qodef-elementor-content-grid elementor-section-height-default elementor-section-height-default\" data-id=\"0c8a9aa\" data-element_type=\"section\">\n\t\t\t\t\t\t<div class=\"elementor-container elementor-column-gap-default\">\n\t\t\t\t\t<div class=\"elementor-column elementor-col-50 elementor-top-column elementor-element elementor-element-c90d224\" data-id=\"c90d224\" data-element_type=\"column\">\n\t\t\t<div class=\"elementor-widget-wrap elementor-element-populated\">\n\t\t\t\t\t\t\t\t<div class=\"elementor-element elementor-element-66b8114 elementor-widget elementor-widget-blanquette_core_stacked_images\" data-id=\"66b8114\" data-element_type=\"widget\" data-widget_type=\"blanquette_core_stacked_images.default\">\n\t\t\t\t<div class=\"elementor-widget-container\">\n\t\t\t<div class=\"qodef-shortcode qodef-m  qodef-stacked-images qodef-stacked-images-245 qodef-layout--default \">\n\t<div class=\"qodef-m-images\">\n\t\t\t\t\t<div class=\"qodef-m-image\">\n\t\t\t\t<img loading=\"lazy\" src=\"http:\/\/casa49.lu\/wp-content\/uploads\/2022\/06\/Photo-72-scaled-373x584.jpg\" alt=\"\" width=\"373\" height=\"584\" data-ratio=\"0.63869863013699\" \/>\t\t\t<\/div>\n\t\t\t\t\t\t\t<div class=\"qodef-m-image qodef-m-stacked-image qodef-parallax-item\" style=\"top: 14%;left: 86%;text-align: left\">\n\t\t\t\t<img loading=\"lazy\" src=\"http:\/\/casa49.lu\/wp-content\/uploads\/2022\/06\/Photo-97-scaled-450x400.jpg\" alt=\"\" width=\"450\" height=\"400\" data-ratio=\"1.125\" \/>\t\t\t<\/div>\n\t\t\t<\/div>\n<\/div>\n\t\t<\/div>\n\t\t\t\t<\/div>\n\t\t\t\t\t<\/div>\n\t\t<\/div>\n\t\t\t\t<div class=\"elementor-column elementor-col-50 elementor-top-column elementor-element elementor-element-cf52cac\" data-id=\"cf52cac\" data-element_type=\"column\">\n\t\t\t<div class=\"elementor-widget-wrap elementor-element-populated\">\n\t\t\t\t\t\t\t\t<div class=\"elementor-element elementor-element-29b0e30 elementor-widget elementor-widget-blanquette_core_section_title\" data-id=\"29b0e30\" data-element_type=\"widget\" data-widget_type=\"blanquette_core_section_title.default\">\n\t\t\t\t<div class=\"elementor-widget-container\">\n\t\t\t<div class=\"qodef-shortcode qodef-m  qodef-section-title qodef-alignment--left \">\n\t\t<h6 class=\"qodef-m-subtitle\" style=\"margin-bottom: -3px\">Remich<\/h6>\r\n\t\t<h3 class=\"qodef-m-title\" >\n\t\t\t\t\tUn cadre convivial et agr\u00e9able pour d\u00e9guster des plats uniques\t\t\t<\/h3>\n\t\t<p class=\"qodef-m-section-text\" style=\"margin-top: 15px\">Notre restaurant vous propose une carte riche et vari\u00e9e pour vos d\u00e9jeuner ou d\u00eener. Que ce soit entre amis, en famille ou dans le cadre de votre travail, nous vous proposons des produits de qualit\u00e9.<\/p>\n\t<\/div>\n\t\t<\/div>\n\t\t\t\t<\/div>\n\t\t\t\t<div class=\"elementor-element elementor-element-5767cd0 elementor-widget elementor-widget-blanquette_core_button\" data-id=\"5767cd0\" data-element_type=\"widget\" data-widget_type=\"blanquette_core_button.default\">\n\t\t\t\t<div class=\"elementor-widget-container\">\n\t\t\t<a class=\"qodef-shortcode qodef-m  qodef-button qodef-layout--filled-one  qodef-html--link\" href=\"http:\/\/casa49.lu\/wp-content\/uploads\/2026\/03\/Carte-Menu-pour-site-160326.pdf\" target=\"_blank\"  >\n\t<span class=\"qodef-m-text\">Notre carte<\/span>\n<\/a>\n\t\t<\/div>\n\t\t\t\t<\/div>\n\t\t\t\t<div class=\"elementor-element elementor-element-64a917d elementor-widget elementor-widget-blanquette_core_button\" data-id=\"64a917d\" data-element_type=\"widget\" data-widget_type=\"blanquette_core_button.default\">\n\t\t\t\t<div class=\"elementor-widget-container\">\n\t\t\t<a class=\"qodef-shortcode qodef-m  qodef-button qodef-layout--filled-one  qodef-html--link\" href=\"http:\/\/casa49.lu\/wp-content\/uploads\/2026\/03\/Soiree-Batasiolo-25.03.2026.png\" target=\"_blank\"  >\n\t<span class=\"qodef-m-text\">Soir\u00e9e sp\u00e9ciale<\/span>\n<\/a>\n\t\t<\/div>\n\t\t\t\t<\/div>\n\t\t\t\t<div class=\"elementor-element elementor-element-5bcf51c elementor-view-default elementor-mobile-position-top elementor-vertical-align-top elementor-widget elementor-widget-icon-box\" data-id=\"5bcf51c\" data-element_type=\"widget\" data-widget_type=\"icon-box.default\">\n\t\t\t\t<div class=\"elementor-widget-container\">\n\t\t\t<link rel=\"stylesheet\" href=\"http:\/\/casa49.lu\/wp-content\/plugins\/elementor\/assets\/css\/widget-icon-box.min.css\">\t\t<div class=\"elementor-icon-box-wrapper\">\n\t\t\t\t\t\t<div class=\"elementor-icon-box-icon\">\n\t\t\t\t<span class=\"elementor-icon elementor-animation-\" >\n\t\t\t\t<i aria-hidden=\"true\" class=\"far fa-clock\"><\/i>\t\t\t\t<\/span>\n\t\t\t<\/div>\n\t\t\t\t\t\t<div class=\"elementor-icon-box-content\">\n\t\t\t\t<p class=\"elementor-icon-box-title\">\n\t\t\t\t\t<span  >\n\t\t\t\t\t\t\t\t\t\t\t<\/span>\n\t\t\t\t<\/p>\n\t\t\t\t\t\t\t\t\t<p class=\"elementor-icon-box-description\">\n\t\t\t\t\t\tNotre restaurant est ferm\u00e9 dimanche, lundi et jours f\u00e9ri\u00e9s.\t\t\t\t\t<\/p>\n\t\t\t\t\t\t\t<\/div>\n\t\t<\/div>\n\t\t\t\t<\/div>\n\t\t\t\t<\/div>\n\t\t\t\t\t<\/div>\n\t\t<\/div>\n\t\t\t\t\t\t\t<\/div>\n\t\t<\/section>\n\t\t\t\t<section class=\"elementor-section elementor-top-section elementor-element elementor-element-4b7dc70 elementor-section-full_width qodef-elementor-content-grid elementor-section-height-default elementor-section-height-default\" data-id=\"4b7dc70\" data-element_type=\"section\">\n\t\t\t\t\t\t<div class=\"elementor-container elementor-column-gap-default\">\n\t\t\t\t\t<div class=\"elementor-column elementor-col-50 elementor-top-column elementor-element elementor-element-30af417\" data-id=\"30af417\" data-element_type=\"column\">\n\t\t\t<div class=\"elementor-widget-wrap elementor-element-populated\">\n\t\t\t\t\t\t\t\t<div class=\"elementor-element elementor-element-b8ff1d8 elementor-widget elementor-widget-blanquette_core_section_title\" data-id=\"b8ff1d8\" data-element_type=\"widget\" data-widget_type=\"blanquette_core_section_title.default\">\n\t\t\t\t<div class=\"elementor-widget-container\">\n\t\t\t<div class=\"qodef-shortcode qodef-m  qodef-section-title qodef-alignment--left \">\n\t\t\t<h2 class=\"qodef-m-title\" >\n\t\t\t\t\tUn espace et une cuisine uniques pour une exp\u00e9rience culinaire savoureuse\t\t\t<\/h2>\n\t\t<p class=\"qodef-m-section-text\" style=\"margin-top: 20px\">Nous vous proposons une cuisine riche, vari\u00e9e et \u00e9quilibr\u00e9e avec des produits de qualit\u00e9. Passionn\u00e9s, nous somme toujours \u00e0 l&#039;\u00e9coute pour vous servir notre meilleur savoir-faire.<\/p>\n\t<\/div>\n\t\t<\/div>\n\t\t\t\t<\/div>\n\t\t\t\t<section class=\"elementor-section elementor-inner-section elementor-element elementor-element-bcfbbc6 elementor-section-full_width elementor-section-height-default elementor-section-height-default qodef-elementor-content-no\" data-id=\"bcfbbc6\" data-element_type=\"section\">\n\t\t\t\t\t\t<div class=\"elementor-container elementor-column-gap-default\">\n\t\t\t\t\t<div class=\"elementor-column elementor-col-100 elementor-inner-column elementor-element elementor-element-2f3ee65\" data-id=\"2f3ee65\" data-element_type=\"column\">\n\t\t\t<div class=\"elementor-widget-wrap\">\n\t\t\t\t\t\t\t\t\t<\/div>\n\t\t<\/div>\n\t\t\t\t\t\t\t<\/div>\n\t\t<\/section>\n\t\t\t\t\t<\/div>\n\t\t<\/div>\n\t\t\t\t<div class=\"elementor-column elementor-col-50 elementor-top-column elementor-element elementor-element-278c72b\" data-id=\"278c72b\" data-element_type=\"column\">\n\t\t\t<div class=\"elementor-widget-wrap elementor-element-populated\">\n\t\t\t\t\t\t\t\t<div class=\"elementor-element elementor-element-05848ae elementor-widget elementor-widget-blanquette_core_stacked_images\" data-id=\"05848ae\" data-element_type=\"widget\" data-widget_type=\"blanquette_core_stacked_images.default\">\n\t\t\t\t<div class=\"elementor-widget-container\">\n\t\t\t<div class=\"qodef-shortcode qodef-m  qodef-stacked-images qodef-stacked-images-658 qodef-layout--default \">\n\t<div class=\"qodef-m-images\">\n\t\t\t\t\t<div class=\"qodef-m-image\">\n\t\t\t\t<img loading=\"lazy\" src=\"http:\/\/casa49.lu\/wp-content\/uploads\/2022\/06\/Photo-85-1-scaled-373x584.jpg\" alt=\"\" width=\"373\" height=\"584\" data-ratio=\"0.63869863013699\" \/>\t\t\t<\/div>\n\t\t\t\t\t\t\t<div class=\"qodef-m-image qodef-m-stacked-image qodef-parallax-item\" style=\"top: 14%;left: 86%;text-align: left\">\n\t\t\t\t<img loading=\"lazy\" src=\"http:\/\/casa49.lu\/wp-content\/uploads\/2022\/06\/Photo-87-scaled-400x400.jpg\" alt=\"\" width=\"400\" height=\"400\" data-ratio=\"1\" \/>\t\t\t<\/div>\n\t\t\t<\/div>\n<\/div>\n\t\t<\/div>\n\t\t\t\t<\/div>\n\t\t\t\t\t<\/div>\n\t\t<\/div>\n\t\t\t\t\t\t\t<\/div>\n\t\t<\/section>\n\t\t\t\t<section class=\"elementor-section elementor-top-section elementor-element elementor-element-37c7d09 elementor-section-boxed elementor-section-height-default elementor-section-height-default qodef-elementor-content-no\" data-id=\"37c7d09\" data-element_type=\"section\">\n\t\t\t\t\t\t<div class=\"elementor-container elementor-column-gap-default\">\n\t\t\t\t\t<div class=\"elementor-column elementor-col-100 elementor-top-column elementor-element elementor-element-5eb7642\" data-id=\"5eb7642\" data-element_type=\"column\">\n\t\t\t<div class=\"elementor-widget-wrap elementor-element-populated\">\n\t\t\t\t\t\t\t\t<div class=\"elementor-element elementor-element-3a2c2b2 elementor-widget elementor-widget-spacer\" data-id=\"3a2c2b2\" data-element_type=\"widget\" data-widget_type=\"spacer.default\">\n\t\t\t\t<div class=\"elementor-widget-container\">\n\t\t\t<style>\/*! elementor - v3.6.7 - 03-07-2022 *\/\n.e-container.e-container--row .elementor-spacer-inner{width:var(--spacer-size)}.e-container.e-container--column .elementor-spacer-inner,.elementor-column .elementor-spacer-inner{height:var(--spacer-size)}<\/style>\t\t<div class=\"elementor-spacer\">\n\t\t\t<div class=\"elementor-spacer-inner\"><\/div>\n\t\t<\/div>\n\t\t\t\t<\/div>\n\t\t\t\t<\/div>\n\t\t\t\t<div class=\"elementor-element elementor-element-e9f7b48 elementor-widget elementor-widget-blanquette_core_section_title\" data-id=\"e9f7b48\" data-element_type=\"widget\" data-widget_type=\"blanquette_core_section_title.default\">\n\t\t\t\t<div class=\"elementor-widget-container\">\n\t\t\t<div class=\"qodef-shortcode qodef-m  qodef-section-title qodef-alignment--left \">\n\t\t<h6 class=\"qodef-m-subtitle\" style=\"margin-bottom: -3px\">Reservation<\/h6>\r\n\t\t<h3 class=\"qodef-m-title\" >\n\t\t\t\t\tR\u00e9servez votre table \t\t\t<\/h3>\n\t\t<p class=\"qodef-m-section-text\" style=\"margin-top: 15px\">Remplissez le formulaire et nous vous confirmerons votre table dans les meilleurs d\u00e9lais.<\/p>\n\t<\/div>\n\t\t<\/div>\n\t\t\t\t<\/div>\n\t\t\t\t<div class=\"elementor-element elementor-element-449c905 elementor-widget elementor-widget-text-editor\" data-id=\"449c905\" data-element_type=\"widget\" data-widget_type=\"text-editor.default\">\n\t\t\t\t<div class=\"elementor-widget-container\">\n\t\t\t<style>\/*! elementor - v3.6.7 - 03-07-2022 *\/\n.elementor-widget-text-editor.elementor-drop-cap-view-stacked .elementor-drop-cap{background-color:#818a91;color:#fff}.elementor-widget-text-editor.elementor-drop-cap-view-framed .elementor-drop-cap{color:#818a91;border:3px solid;background-color:transparent}.elementor-widget-text-editor:not(.elementor-drop-cap-view-default) .elementor-drop-cap{margin-top:8px}.elementor-widget-text-editor:not(.elementor-drop-cap-view-default) .elementor-drop-cap-letter{width:1em;height:1em}.elementor-widget-text-editor .elementor-drop-cap{float:left;text-align:center;line-height:1;font-size:50px}.elementor-widget-text-editor .elementor-drop-cap-letter{display:inline-block}<\/style>\t\t\t\t<p><iframe loading=\"lazy\" style=\"display: block; margin: 0 auto; max-width: 600px; height: 630px;\" src=\"https:\/\/bookings.zenchef.com\/results?rid=375539&amp;pid=1001&amp;fullscreen=1\" width=\"100%\" height=\"630\" frameborder=\"0\" scrolling=\"yes\"><\/iframe><\/p>\t\t\t\t\t\t<\/div>\n\t\t\t\t<\/div>\n\t\t\t\t\t<\/div>\n\t\t<\/div>\n\t\t\t\t\t\t\t<\/div>\n\t\t<\/section>\n\t\t\t\t\t\t\t<\/div>\n\t\t","protected":false},"excerpt":{"rendered":"<p>Remich Un cadre convivial et agr\u00e9able pour d\u00e9guster des plats uniques Notre restaurant vous propose une carte riche et vari\u00e9e pour vos d\u00e9jeuner ou d\u00eener. Que ce soit entre amis, en famille ou dans le cadre de votre travail, nous vous proposons des produits de qualit\u00e9. Notre carte Soir\u00e9e sp\u00e9ciale Notre restaurant est ferm\u00e9 dimanche, [&hellip;]<\/p>\n","protected":false},"author":2,"featured_media":0,"parent":0,"menu_order":0,"comment_status":"closed","ping_status":"closed","template":"page-full-width.php","meta":[],"aioseo_notices":[],"yoast_head":"<!-- This site is optimized with the Yoast SEO plugin v19.3 - https:\/\/yoast.com\/wordpress\/plugins\/seo\/ -->\n<title>Le Restaurant - Casa49<\/title>\n<meta name=\"robots\" content=\"index, follow, max-snippet:-1, max-image-preview:large, max-video-preview:-1\" \/>\n<link rel=\"canonical\" href=\"http:\/\/casa49.lu\/?page_id=8942\" \/>\n<meta property=\"og:locale\" content=\"fr_FR\" \/>\n<meta property=\"og:type\" content=\"article\" \/>\n<meta property=\"og:title\" content=\"Le Restaurant - Casa49\" \/>\n<meta property=\"og:description\" content=\"Remich Un cadre convivial et agr\u00e9able pour d\u00e9guster des plats uniques Notre restaurant vous propose une carte riche et vari\u00e9e pour vos d\u00e9jeuner ou d\u00eener. Que ce soit entre amis, en famille ou dans le cadre de votre travail, nous vous proposons des produits de qualit\u00e9. Notre carte Soir\u00e9e sp\u00e9ciale Notre restaurant est ferm\u00e9 dimanche, [&hellip;]\" \/>\n<meta property=\"og:url\" content=\"http:\/\/casa49.lu\/?page_id=8942\" \/>\n<meta property=\"og:site_name\" content=\"Casa49\" \/>\n<meta property=\"article:modified_time\" content=\"2026-03-16T12:48:09+00:00\" \/>\n<meta property=\"og:image\" content=\"http:\/\/casa49.lu\/wp-content\/uploads\/2022\/06\/Photo-72-scaled-373x584.jpg\" \/>\n<meta name=\"twitter:card\" content=\"summary_large_image\" \/>\n<meta name=\"twitter:label1\" content=\"Dur\u00e9e de lecture estim\u00e9e\" \/>\n\t<meta name=\"twitter:data1\" content=\"2 minutes\" \/>\n<script type=\"application\/ld+json\" class=\"yoast-schema-graph\">{\"@context\":\"https:\/\/schema.org\",\"@graph\":[{\"@type\":\"WebSite\",\"@id\":\"https:\/\/casa49.lu\/#website\",\"url\":\"https:\/\/casa49.lu\/\",\"name\":\"Casa49\",\"description\":\"Hotel - Restaurant\",\"potentialAction\":[{\"@type\":\"SearchAction\",\"target\":{\"@type\":\"EntryPoint\",\"urlTemplate\":\"https:\/\/casa49.lu\/?s={search_term_string}\"},\"query-input\":\"required name=search_term_string\"}],\"inLanguage\":\"fr-FR\"},{\"@type\":\"ImageObject\",\"inLanguage\":\"fr-FR\",\"@id\":\"http:\/\/casa49.lu\/?page_id=8942#primaryimage\",\"url\":\"http:\/\/casa49.lu\/wp-content\/uploads\/2022\/06\/Photo-72-scaled.jpg\",\"contentUrl\":\"http:\/\/casa49.lu\/wp-content\/uploads\/2022\/06\/Photo-72-scaled.jpg\",\"width\":2560,\"height\":1703},{\"@type\":\"WebPage\",\"@id\":\"http:\/\/casa49.lu\/?page_id=8942\",\"url\":\"http:\/\/casa49.lu\/?page_id=8942\",\"name\":\"Le Restaurant - Casa49\",\"isPartOf\":{\"@id\":\"https:\/\/casa49.lu\/#website\"},\"primaryImageOfPage\":{\"@id\":\"http:\/\/casa49.lu\/?page_id=8942#primaryimage\"},\"datePublished\":\"2022-06-28T09:29:24+00:00\",\"dateModified\":\"2026-03-16T12:48:09+00:00\",\"breadcrumb\":{\"@id\":\"http:\/\/casa49.lu\/?page_id=8942#breadcrumb\"},\"inLanguage\":\"fr-FR\",\"potentialAction\":[{\"@type\":\"ReadAction\",\"target\":[\"http:\/\/casa49.lu\/?page_id=8942\"]}]},{\"@type\":\"BreadcrumbList\",\"@id\":\"http:\/\/casa49.lu\/?page_id=8942#breadcrumb\",\"itemListElement\":[{\"@type\":\"ListItem\",\"position\":1,\"name\":\"Home\",\"item\":\"https:\/\/casa49.lu\/\"},{\"@type\":\"ListItem\",\"position\":2,\"name\":\"Le Restaurant\"}]}]}<\/script>\n<!-- \/ Yoast SEO plugin. -->","yoast_head_json":{"title":"Le Restaurant - Casa49","robots":{"index":"index","follow":"follow","max-snippet":"max-snippet:-1","max-image-preview":"max-image-preview:large","max-video-preview":"max-video-preview:-1"},"canonical":"http:\/\/casa49.lu\/?page_id=8942","og_locale":"fr_FR","og_type":"article","og_title":"Le Restaurant - Casa49","og_description":"Remich Un cadre convivial et agr\u00e9able pour d\u00e9guster des plats uniques Notre restaurant vous propose une carte riche et vari\u00e9e pour vos d\u00e9jeuner ou d\u00eener. Que ce soit entre amis, en famille ou dans le cadre de votre travail, nous vous proposons des produits de qualit\u00e9. Notre carte Soir\u00e9e sp\u00e9ciale Notre restaurant est ferm\u00e9 dimanche, [&hellip;]","og_url":"http:\/\/casa49.lu\/?page_id=8942","og_site_name":"Casa49","article_modified_time":"2026-03-16T12:48:09+00:00","og_image":[{"url":"http:\/\/casa49.lu\/wp-content\/uploads\/2022\/06\/Photo-72-scaled-373x584.jpg"}],"twitter_card":"summary_large_image","twitter_misc":{"Dur\u00e9e de lecture estim\u00e9e":"2 minutes"},"schema":{"@context":"https:\/\/schema.org","@graph":[{"@type":"WebSite","@id":"https:\/\/casa49.lu\/#website","url":"https:\/\/casa49.lu\/","name":"Casa49","description":"Hotel - Restaurant","potentialAction":[{"@type":"SearchAction","target":{"@type":"EntryPoint","urlTemplate":"https:\/\/casa49.lu\/?s={search_term_string}"},"query-input":"required name=search_term_string"}],"inLanguage":"fr-FR"},{"@type":"ImageObject","inLanguage":"fr-FR","@id":"http:\/\/casa49.lu\/?page_id=8942#primaryimage","url":"http:\/\/casa49.lu\/wp-content\/uploads\/2022\/06\/Photo-72-scaled.jpg","contentUrl":"http:\/\/casa49.lu\/wp-content\/uploads\/2022\/06\/Photo-72-scaled.jpg","width":2560,"height":1703},{"@type":"WebPage","@id":"http:\/\/casa49.lu\/?page_id=8942","url":"http:\/\/casa49.lu\/?page_id=8942","name":"Le Restaurant - Casa49","isPartOf":{"@id":"https:\/\/casa49.lu\/#website"},"primaryImageOfPage":{"@id":"http:\/\/casa49.lu\/?page_id=8942#primaryimage"},"datePublished":"2022-06-28T09:29:24+00:00","dateModified":"2026-03-16T12:48:09+00:00","breadcrumb":{"@id":"http:\/\/casa49.lu\/?page_id=8942#breadcrumb"},"inLanguage":"fr-FR","potentialAction":[{"@type":"ReadAction","target":["http:\/\/casa49.lu\/?page_id=8942"]}]},{"@type":"BreadcrumbList","@id":"http:\/\/casa49.lu\/?page_id=8942#breadcrumb","itemListElement":[{"@type":"ListItem","position":1,"name":"Home","item":"https:\/\/casa49.lu\/"},{"@type":"ListItem","position":2,"name":"Le Restaurant"}]}]}},"_links":{"self":[{"href":"http:\/\/casa49.lu\/index.php?rest_route=\/wp\/v2\/pages\/8942"}],"collection":[{"href":"http:\/\/casa49.lu\/index.php?rest_route=\/wp\/v2\/pages"}],"about":[{"href":"http:\/\/casa49.lu\/index.php?rest_route=\/wp\/v2\/types\/page"}],"author":[{"embeddable":true,"href":"http:\/\/casa49.lu\/index.php?rest_route=\/wp\/v2\/users\/2"}],"replies":[{"embeddable":true,"href":"http:\/\/casa49.lu\/index.php?rest_route=%2Fwp%2Fv2%2Fcomments&post=8942"}],"version-history":[{"count":459,"href":"http:\/\/casa49.lu\/index.php?rest_route=\/wp\/v2\/pages\/8942\/revisions"}],"predecessor-version":[{"id":10439,"href":"http:\/\/casa49.lu\/index.php?rest_route=\/wp\/v2\/pages\/8942\/revisions\/10439"}],"wp:attachment":[{"href":"http:\/\/casa49.lu\/index.php?rest_route=%2Fwp%2Fv2%2Fmedia&parent=8942"}],"curies":[{"name":"wp","href":"https:\/\/api.w.org\/{rel}","templated":true}]}}