{"id":9022,"date":"2022-06-28T17:04:27","date_gmt":"2022-06-28T17:04:27","guid":{"rendered":"http:\/\/casa49.lu\/?page_id=9022"},"modified":"2024-04-26T16:30:32","modified_gmt":"2024-04-26T16:30:32","slug":"lhotel","status":"publish","type":"page","link":"http:\/\/casa49.lu\/?page_id=9022","title":{"rendered":"L&rsquo;hotel"},"content":{"rendered":"\t\t<div data-elementor-type=\"wp-page\" data-elementor-id=\"9022\" class=\"elementor elementor-9022\">\n\t\t\t\t\t\t\t\t\t<section class=\"elementor-section elementor-top-section elementor-element elementor-element-0c8a9aa elementor-section-full_width qodef-elementor-content-grid elementor-section-height-default elementor-section-height-default\" data-id=\"0c8a9aa\" data-element_type=\"section\">\n\t\t\t\t\t\t<div class=\"elementor-container elementor-column-gap-default\">\n\t\t\t\t\t<div class=\"elementor-column elementor-col-50 elementor-top-column elementor-element elementor-element-c90d224\" data-id=\"c90d224\" data-element_type=\"column\">\n\t\t\t<div class=\"elementor-widget-wrap elementor-element-populated\">\n\t\t\t\t\t\t\t\t<div class=\"elementor-element elementor-element-66b8114 elementor-widget elementor-widget-blanquette_core_stacked_images\" data-id=\"66b8114\" data-element_type=\"widget\" data-widget_type=\"blanquette_core_stacked_images.default\">\n\t\t\t\t<div class=\"elementor-widget-container\">\n\t\t\t<div class=\"qodef-shortcode qodef-m  qodef-stacked-images qodef-stacked-images-311 qodef-layout--default \">\n\t<div class=\"qodef-m-images\">\n\t\t\t\t\t<div class=\"qodef-m-image\">\n\t\t\t\t<img loading=\"lazy\" src=\"http:\/\/casa49.lu\/wp-content\/uploads\/2022\/07\/Photo-29-scaled-373x584.jpg\" alt=\"\" width=\"373\" height=\"584\" data-ratio=\"0.63869863013699\" \/>\t\t\t<\/div>\n\t\t\t\t\t\t\t<div class=\"qodef-m-image qodef-m-stacked-image qodef-parallax-item\" style=\"top: 14%;left: 86%;text-align: left\">\n\t\t\t\t<img loading=\"lazy\" src=\"http:\/\/casa49.lu\/wp-content\/uploads\/2022\/06\/Photo-25-scaled-450x400.jpg\" alt=\"\" width=\"450\" height=\"400\" data-ratio=\"1.125\" \/>\t\t\t<\/div>\n\t\t\t<\/div>\n<\/div>\n\t\t<\/div>\n\t\t\t\t<\/div>\n\t\t\t\t\t<\/div>\n\t\t<\/div>\n\t\t\t\t<div class=\"elementor-column elementor-col-50 elementor-top-column elementor-element elementor-element-cf52cac\" data-id=\"cf52cac\" data-element_type=\"column\">\n\t\t\t<div class=\"elementor-widget-wrap elementor-element-populated\">\n\t\t\t\t\t\t\t\t<div class=\"elementor-element elementor-element-29b0e30 elementor-widget elementor-widget-blanquette_core_section_title\" data-id=\"29b0e30\" data-element_type=\"widget\" data-widget_type=\"blanquette_core_section_title.default\">\n\t\t\t\t<div class=\"elementor-widget-container\">\n\t\t\t<div class=\"qodef-shortcode qodef-m  qodef-section-title qodef-alignment--left \">\n\t\t<h6 class=\"qodef-m-subtitle\" style=\"margin-bottom: -3px\">Remich<\/h6>\r\n\t\t<h3 class=\"qodef-m-title\" >\n\t\t\t\t\tVotre s\u00e9jour dans un lieu confortable et accueillant\t\t\t<\/h3>\n\t\t<p class=\"qodef-m-section-text\" style=\"margin-top: 15px\">Les chambres climatis\u00e9es comprennent un bureau, une bouilloire, un coffre-fort, une t\u00e9l\u00e9vision \u00e0 \u00e9cran plat, un balcon et une salle de bains privative avec douche. Le linge de lit et les serviettes sont fournis.<\/p>\n\t<\/div>\n\t\t<\/div>\n\t\t\t\t<\/div>\n\t\t\t\t<div class=\"elementor-element elementor-element-5767cd0 elementor-widget elementor-widget-blanquette_core_button\" data-id=\"5767cd0\" data-element_type=\"widget\" data-widget_type=\"blanquette_core_button.default\">\n\t\t\t\t<div class=\"elementor-widget-container\">\n\t\t\t<a class=\"qodef-shortcode qodef-m  qodef-button qodef-layout--filled-one  qodef-html--link\" href=\"https:\/\/casa49.lu\/?page_id=10034\" target=\"_blank\"  >\n\t<span class=\"qodef-m-text\">R\u00e9servez votre chambre<\/span>\n<\/a>\n\t\t<\/div>\n\t\t\t\t<\/div>\n\t\t\t\t\t<\/div>\n\t\t<\/div>\n\t\t\t\t\t\t\t<\/div>\n\t\t<\/section>\n\t\t\t\t<section class=\"elementor-section elementor-top-section elementor-element elementor-element-4b7dc70 elementor-section-full_width qodef-elementor-content-grid elementor-section-height-default elementor-section-height-default\" data-id=\"4b7dc70\" data-element_type=\"section\">\n\t\t\t\t\t\t<div class=\"elementor-container elementor-column-gap-default\">\n\t\t\t\t\t<div class=\"elementor-column elementor-col-50 elementor-top-column elementor-element elementor-element-30af417\" data-id=\"30af417\" data-element_type=\"column\">\n\t\t\t<div class=\"elementor-widget-wrap elementor-element-populated\">\n\t\t\t\t\t\t\t\t<div class=\"elementor-element elementor-element-b8ff1d8 elementor-widget elementor-widget-blanquette_core_section_title\" data-id=\"b8ff1d8\" data-element_type=\"widget\" data-widget_type=\"blanquette_core_section_title.default\">\n\t\t\t\t<div class=\"elementor-widget-container\">\n\t\t\t<div class=\"qodef-shortcode qodef-m  qodef-section-title qodef-alignment--left \">\n\t\t\t<h2 class=\"qodef-m-title\" >\n\t\t\t\t\tNotre savoir-faire \u00e0 votre service afin que vous vous sentiez comme chez vous\t\t\t<\/h2>\n\t\t<p class=\"qodef-m-section-text\" style=\"margin-top: 20px\">Un petit-d\u00e9jeuner buffet est servi sur place.\nL&#039;H\u00f4tel Casa 49 poss\u00e8de une terrasse. Vous pourrez pratiquer diverses activit\u00e9s \u00e0 Remich et dans ses environs, telles que le v\u00e9lo et la randonn\u00e9e.<\/p>\n\t<\/div>\n\t\t<\/div>\n\t\t\t\t<\/div>\n\t\t\t\t<section class=\"elementor-section elementor-inner-section elementor-element elementor-element-bcfbbc6 elementor-section-full_width elementor-section-height-default elementor-section-height-default qodef-elementor-content-no\" data-id=\"bcfbbc6\" data-element_type=\"section\">\n\t\t\t\t\t\t<div class=\"elementor-container elementor-column-gap-default\">\n\t\t\t\t\t<div class=\"elementor-column elementor-col-100 elementor-inner-column elementor-element elementor-element-2f3ee65\" data-id=\"2f3ee65\" data-element_type=\"column\">\n\t\t\t<div class=\"elementor-widget-wrap\">\n\t\t\t\t\t\t\t\t\t<\/div>\n\t\t<\/div>\n\t\t\t\t\t\t\t<\/div>\n\t\t<\/section>\n\t\t\t\t\t<\/div>\n\t\t<\/div>\n\t\t\t\t<div class=\"elementor-column elementor-col-50 elementor-top-column elementor-element elementor-element-278c72b\" data-id=\"278c72b\" data-element_type=\"column\">\n\t\t\t<div class=\"elementor-widget-wrap elementor-element-populated\">\n\t\t\t\t\t\t\t\t<div class=\"elementor-element elementor-element-05848ae elementor-widget elementor-widget-blanquette_core_stacked_images\" data-id=\"05848ae\" data-element_type=\"widget\" data-widget_type=\"blanquette_core_stacked_images.default\">\n\t\t\t\t<div class=\"elementor-widget-container\">\n\t\t\t<div class=\"qodef-shortcode qodef-m  qodef-stacked-images qodef-stacked-images-772 qodef-layout--default \">\n\t<div class=\"qodef-m-images\">\n\t\t\t\t\t<div class=\"qodef-m-image\">\n\t\t\t\t<img loading=\"lazy\" src=\"http:\/\/casa49.lu\/wp-content\/uploads\/2022\/06\/Photo-26-scaled-373x584.jpg\" alt=\"\" width=\"373\" height=\"584\" data-ratio=\"0.63869863013699\" \/>\t\t\t<\/div>\n\t\t\t\t\t\t\t<div class=\"qodef-m-image qodef-m-stacked-image qodef-parallax-item\" style=\"top: 14%;left: 86%;text-align: left\">\n\t\t\t\t<img loading=\"lazy\" src=\"http:\/\/casa49.lu\/wp-content\/uploads\/2022\/07\/Photo-30-scaled-400x400.jpg\" alt=\"\" width=\"400\" height=\"400\" data-ratio=\"1\" \/>\t\t\t<\/div>\n\t\t\t<\/div>\n<\/div>\n\t\t<\/div>\n\t\t\t\t<\/div>\n\t\t\t\t\t<\/div>\n\t\t<\/div>\n\t\t\t\t\t\t\t<\/div>\n\t\t<\/section>\n\t\t\t\t<section class=\"elementor-section elementor-top-section elementor-element elementor-element-7eb43a8 elementor-section-full_width qodef-elementor-content-grid elementor-section-height-default elementor-section-height-default\" data-id=\"7eb43a8\" data-element_type=\"section\">\n\t\t\t\t\t\t<div class=\"elementor-container elementor-column-gap-default\">\n\t\t\t\t\t<div class=\"elementor-column elementor-col-100 elementor-top-column elementor-element elementor-element-7d05132\" data-id=\"7d05132\" data-element_type=\"column\">\n\t\t\t<div class=\"elementor-widget-wrap elementor-element-populated\">\n\t\t\t\t\t\t\t\t<div class=\"elementor-element elementor-element-09be1c1 elementor-widget elementor-widget-blanquette_core_testimonials_list\" data-id=\"09be1c1\" data-element_type=\"widget\" data-widget_type=\"blanquette_core_testimonials_list.default\">\n\t\t\t\t<div class=\"elementor-widget-container\">\n\t\t\t<div class=\"qodef-shortcode qodef-m  qodef-testimonials-list  qodef-grid qodef-swiper-container  qodef-gutter--normal qodef-col-num--1 qodef-item-layout--info-below qodef-responsive--predefined\" data-options=\"{&quot;slidesPerView&quot;:&quot;1&quot;,&quot;spaceBetween&quot;:30,&quot;loop&quot;:true,&quot;autoplay&quot;:true,&quot;speed&quot;:&quot;&quot;,&quot;speedAnimation&quot;:&quot;&quot;,&quot;slideAnimation&quot;:&quot;fade&quot;,&quot;outsideNavigation&quot;:&quot;yes&quot;,&quot;unique&quot;:626}\">\n\t<div class=\"qodef-e-static-quote\"><svg class=\"qodef-svg--quote-testimonials\" xmlns=\"http:\/\/www.w3.org\/2000\/svg\" xmlns:xlink=\"http:\/\/www.w3.org\/1999\/xlink\" x=\"0px\" y=\"0px\" width=\"75px\" height=\"68px\" viewBox=\"0 0 75 68\" enable-background=\"new 0 0 75 68\" xml:space=\"preserve\"><g><path d=\"M14.62,66.814l-6.892-5.113c1.629-2.073,3.37-5.036,5.225-8.893   c1.852-3.852,3.408-8.114,4.669-12.784c1.257-4.667,1.667-9.225,1.223-13.672c-1.039,0.445-1.966,0.744-2.779,0.889   c-0.816,0.15-1.667,0.222-2.556,0.222c-3.113,0-5.857-1.073-8.227-3.223c-2.372-2.147-3.557-5.076-3.557-8.782   c0-4.297,1.296-7.743,3.891-10.338C8.208,2.53,11.358,1.23,15.064,1.23c5.781,0,10.116,2.039,13.006,6.114   c2.891,4.079,4.335,9.153,4.335,15.229c0,4.001-0.706,8.671-2.112,14.006c-1.41,5.336-3.446,10.638-6.114,15.896   C21.512,57.738,18.323,62.519,14.62,66.814z M55.527,66.814l-6.892-5.113c1.628-2.073,3.369-5.036,5.223-8.893   c1.853-3.852,3.41-8.114,4.67-12.784c1.258-4.667,1.667-9.225,1.222-13.672c-1.039,0.445-1.966,0.744-2.776,0.889   c-0.818,0.15-1.669,0.222-2.559,0.222c-3.112,0-5.855-1.073-8.227-3.223c-2.372-2.147-3.557-5.076-3.557-8.782   c0-4.297,1.296-7.743,3.893-10.338c2.589-2.591,5.741-3.891,9.448-3.891c5.779,0,10.113,2.039,13.005,6.114   c2.891,4.079,4.334,9.153,4.334,15.229c0,4.001-0.704,8.671-2.111,14.006c-1.409,5.336-3.445,10.638-6.112,15.896   C62.418,57.738,59.229,62.519,55.527,66.814z\"\/><\/g><\/svg><\/div>    \t<div class=\"swiper-wrapper\">\n\t\t<div class=\"qodef-e swiper-slide \">\n\t<div class=\"qodef-e-inner\">\n\t\t\t\t<div class=\"qodef-e-content\">\n\t\t\t\t\t\t\t<h3 itemprop=\"description\" class=\"qodef-e-text\">L&#039;acceuil de ce couple. Exceptionnel. Ils se souviendront de nous. La marche que l&#039;on a fait pour venir grace a l&#039;iron man. Les sottay et le cappucino de li\u00e8ge se feront un plaisir de les conseiller. Biz a eux<\/h3>\n\t\t\t\t<div class=\"qodef-e-author\">\n\t\t<span class=\"qodef-e-author-name\">Stephane<\/span>\n\t\t\t\t\t<span class=\"qodef-e-author-job\">Belgique<\/span>\n\t\t\t<\/div>\n\t\t<\/div>\n\t<\/div>\n<\/div>\n<div class=\"qodef-e swiper-slide \">\n\t<div class=\"qodef-e-inner\">\n\t\t\t\t<div class=\"qodef-e-content\">\n\t\t\t\t\t\t\t<h3 itemprop=\"description\" class=\"qodef-e-text\">Chambre luxueuse, tout est tr\u00e8s bien pens\u00e9, propre , d\u00e9coration avec go\u00fbt, bien \u00e9quip\u00e9, climatisation dans la chambre . Dans la salle de bain on trouve tout le n\u00e9cessaire en cas d&#039;oubli. Petit d\u00e9jeuner cuisin\u00e9 \ud83d\ude42 et pris sur la terrasse avec vue sur...<\/h3>\n\t\t\t\t<div class=\"qodef-e-author\">\n\t\t<span class=\"qodef-e-author-name\">Raluka<\/span>\n\t\t\t\t\t<span class=\"qodef-e-author-job\">Belgique<\/span>\n\t\t\t<\/div>\n\t\t<\/div>\n\t<\/div>\n<\/div>\n<div class=\"qodef-e swiper-slide \">\n\t<div class=\"qodef-e-inner\">\n\t\t\t\t<div class=\"qodef-e-content\">\n\t\t\t\t\t\t\t<h3 itemprop=\"description\" class=\"qodef-e-text\">Endroit charmant. Entreprise familiale amicale. Parking moto s\u00e9curis\u00e9<\/h3>\n\t\t\t\t<div class=\"qodef-e-author\">\n\t\t<span class=\"qodef-e-author-name\">Richard<\/span>\n\t\t\t\t\t<span class=\"qodef-e-author-job\">Royaume-Uni<\/span>\n\t\t\t<\/div>\n\t\t<\/div>\n\t<\/div>\n<\/div>\n<div class=\"qodef-e swiper-slide \">\n\t<div class=\"qodef-e-inner\">\n\t\t\t\t<div class=\"qodef-e-content\">\n\t\t\t\t\t\t\t<h3 itemprop=\"description\" class=\"qodef-e-text\">C&#039;est notre troisi\u00e8me s\u00e9jour \u00e0 Remich et cet endroit est de loin notre meilleur s\u00e9jour. c&#039;est un \u00e9tablissement tout neuf avec des propri\u00e9taires merveilleux.<\/h3>\n\t\t\t\t<div class=\"qodef-e-author\">\n\t\t<span class=\"qodef-e-author-name\">Sharon<\/span>\n\t\t\t\t\t<span class=\"qodef-e-author-job\">\u00c9tats-Unis<\/span>\n\t\t\t<\/div>\n\t\t<\/div>\n\t<\/div>\n<\/div>\n\t<\/div>\n\t<\/div>\n\t<div class=\"swiper-button-prev swiper-button-prev-626\"><svg class=\"qodef-svg--slider-arrow-left\" xmlns=\"http:\/\/www.w3.org\/2000\/svg\" xmlns:xlink=\"http:\/\/www.w3.org\/1999\/xlink\" x=\"0px\" y=\"0px\" width=\"35px\" height=\"14px\" viewBox=\"0 0 35 14\" enable-background=\"new 0 0 35 14\" xml:space=\"preserve\"><g><line stroke-linecap=\"round\" stroke-linejoin=\"round\" stroke-miterlimit=\"10\" x1=\"1.102\" y1=\"7.551\" x2=\"33.615\" y2=\"7.563\"\/><polyline stroke-linecap=\"round\" stroke-linejoin=\"round\" stroke-miterlimit=\"10\" points=\"   7.476,1.856 0.873,7.392 7.652,13.07  \"\/><\/g><\/svg><\/div>\n\t<div class=\"swiper-button-next swiper-button-next-626\"><svg class=\"qodef-svg--slider-arrow-right\" xmlns=\"http:\/\/www.w3.org\/2000\/svg\" xmlns:xlink=\"http:\/\/www.w3.org\/1999\/xlink\" x=\"0px\" y=\"0px\" width=\"35px\" height=\"14px\" viewBox=\"0 0 35 14\" enable-background=\"new 0 0 35 14\" xml:space=\"preserve\"><g><line stroke-linecap=\"round\" stroke-linejoin=\"round\" stroke-miterlimit=\"10\" x1=\"33.387\" y1=\"7.551\" x2=\"0.873\" y2=\"7.563\"\/><polyline stroke-linecap=\"round\" stroke-linejoin=\"round\" stroke-miterlimit=\"10\" points=\"   27.012,1.856 33.615,7.392 26.836,13.07  \"\/><\/g><\/svg><\/div>\n\t\t<\/div>\n\t\t\t\t<\/div>\n\t\t\t\t<div class=\"elementor-element elementor-element-4923a77 elementor-widget elementor-widget-spacer\" data-id=\"4923a77\" data-element_type=\"widget\" data-widget_type=\"spacer.default\">\n\t\t\t\t<div class=\"elementor-widget-container\">\n\t\t\t<style>\/*! elementor - v3.6.7 - 03-07-2022 *\/\n.e-container.e-container--row .elementor-spacer-inner{width:var(--spacer-size)}.e-container.e-container--column .elementor-spacer-inner,.elementor-column .elementor-spacer-inner{height:var(--spacer-size)}<\/style>\t\t<div class=\"elementor-spacer\">\n\t\t\t<div class=\"elementor-spacer-inner\"><\/div>\n\t\t<\/div>\n\t\t\t\t<\/div>\n\t\t\t\t<\/div>\n\t\t\t\t\t<\/div>\n\t\t<\/div>\n\t\t\t\t\t\t\t<\/div>\n\t\t<\/section>\n\t\t\t\t\t\t\t<\/div>\n\t\t","protected":false},"excerpt":{"rendered":"<p>Remich Votre s\u00e9jour dans un lieu confortable et accueillant Les chambres climatis\u00e9es comprennent un bureau, une bouilloire, un coffre-fort, une t\u00e9l\u00e9vision \u00e0 \u00e9cran plat, un balcon et une salle de bains privative avec douche. Le linge de lit et les serviettes sont fournis. R\u00e9servez votre chambre Notre savoir-faire \u00e0 votre service afin que vous vous [&hellip;]<\/p>\n","protected":false},"author":2,"featured_media":0,"parent":0,"menu_order":0,"comment_status":"closed","ping_status":"closed","template":"page-full-width.php","meta":[],"aioseo_notices":[],"yoast_head":"<!-- This site is optimized with the Yoast SEO plugin v19.3 - https:\/\/yoast.com\/wordpress\/plugins\/seo\/ -->\n<title>L&#039;hotel - Casa49<\/title>\n<meta name=\"robots\" content=\"index, follow, max-snippet:-1, max-image-preview:large, max-video-preview:-1\" \/>\n<link rel=\"canonical\" href=\"https:\/\/casa49.lu\/?page_id=9022\" \/>\n<meta property=\"og:locale\" content=\"fr_FR\" \/>\n<meta property=\"og:type\" content=\"article\" \/>\n<meta property=\"og:title\" content=\"L&#039;hotel - Casa49\" \/>\n<meta property=\"og:description\" content=\"Remich Votre s\u00e9jour dans un lieu confortable et accueillant Les chambres climatis\u00e9es comprennent un bureau, une bouilloire, un coffre-fort, une t\u00e9l\u00e9vision \u00e0 \u00e9cran plat, un balcon et une salle de bains privative avec douche. Le linge de lit et les serviettes sont fournis. R\u00e9servez votre chambre Notre savoir-faire \u00e0 votre service afin que vous vous [&hellip;]\" \/>\n<meta property=\"og:url\" content=\"https:\/\/casa49.lu\/?page_id=9022\" \/>\n<meta property=\"og:site_name\" content=\"Casa49\" \/>\n<meta property=\"article:modified_time\" content=\"2024-04-26T16:30:32+00:00\" \/>\n<meta property=\"og:image\" content=\"http:\/\/casa49.lu\/wp-content\/uploads\/2022\/07\/Photo-29-scaled-373x584.jpg\" \/>\n<meta name=\"twitter:card\" content=\"summary_large_image\" \/>\n<meta name=\"twitter:label1\" content=\"Dur\u00e9e de lecture estim\u00e9e\" \/>\n\t<meta name=\"twitter:data1\" content=\"3 minutes\" \/>\n<script type=\"application\/ld+json\" class=\"yoast-schema-graph\">{\"@context\":\"https:\/\/schema.org\",\"@graph\":[{\"@type\":\"WebSite\",\"@id\":\"https:\/\/casa49.lu\/#website\",\"url\":\"https:\/\/casa49.lu\/\",\"name\":\"Casa49\",\"description\":\"Hotel - Restaurant\",\"potentialAction\":[{\"@type\":\"SearchAction\",\"target\":{\"@type\":\"EntryPoint\",\"urlTemplate\":\"https:\/\/casa49.lu\/?s={search_term_string}\"},\"query-input\":\"required name=search_term_string\"}],\"inLanguage\":\"fr-FR\"},{\"@type\":\"ImageObject\",\"inLanguage\":\"fr-FR\",\"@id\":\"https:\/\/casa49.lu\/?page_id=9022#primaryimage\",\"url\":\"http:\/\/casa49.lu\/wp-content\/uploads\/2022\/07\/Photo-29-scaled.jpg\",\"contentUrl\":\"http:\/\/casa49.lu\/wp-content\/uploads\/2022\/07\/Photo-29-scaled.jpg\",\"width\":2560,\"height\":1703},{\"@type\":\"WebPage\",\"@id\":\"https:\/\/casa49.lu\/?page_id=9022\",\"url\":\"https:\/\/casa49.lu\/?page_id=9022\",\"name\":\"L'hotel - Casa49\",\"isPartOf\":{\"@id\":\"https:\/\/casa49.lu\/#website\"},\"primaryImageOfPage\":{\"@id\":\"https:\/\/casa49.lu\/?page_id=9022#primaryimage\"},\"datePublished\":\"2022-06-28T17:04:27+00:00\",\"dateModified\":\"2024-04-26T16:30:32+00:00\",\"breadcrumb\":{\"@id\":\"https:\/\/casa49.lu\/?page_id=9022#breadcrumb\"},\"inLanguage\":\"fr-FR\",\"potentialAction\":[{\"@type\":\"ReadAction\",\"target\":[\"https:\/\/casa49.lu\/?page_id=9022\"]}]},{\"@type\":\"BreadcrumbList\",\"@id\":\"https:\/\/casa49.lu\/?page_id=9022#breadcrumb\",\"itemListElement\":[{\"@type\":\"ListItem\",\"position\":1,\"name\":\"Home\",\"item\":\"https:\/\/casa49.lu\/\"},{\"@type\":\"ListItem\",\"position\":2,\"name\":\"L&rsquo;hotel\"}]}]}<\/script>\n<!-- \/ Yoast SEO plugin. -->","yoast_head_json":{"title":"L'hotel - Casa49","robots":{"index":"index","follow":"follow","max-snippet":"max-snippet:-1","max-image-preview":"max-image-preview:large","max-video-preview":"max-video-preview:-1"},"canonical":"https:\/\/casa49.lu\/?page_id=9022","og_locale":"fr_FR","og_type":"article","og_title":"L'hotel - Casa49","og_description":"Remich Votre s\u00e9jour dans un lieu confortable et accueillant Les chambres climatis\u00e9es comprennent un bureau, une bouilloire, un coffre-fort, une t\u00e9l\u00e9vision \u00e0 \u00e9cran plat, un balcon et une salle de bains privative avec douche. Le linge de lit et les serviettes sont fournis. R\u00e9servez votre chambre Notre savoir-faire \u00e0 votre service afin que vous vous [&hellip;]","og_url":"https:\/\/casa49.lu\/?page_id=9022","og_site_name":"Casa49","article_modified_time":"2024-04-26T16:30:32+00:00","og_image":[{"url":"http:\/\/casa49.lu\/wp-content\/uploads\/2022\/07\/Photo-29-scaled-373x584.jpg"}],"twitter_card":"summary_large_image","twitter_misc":{"Dur\u00e9e de lecture estim\u00e9e":"3 minutes"},"schema":{"@context":"https:\/\/schema.org","@graph":[{"@type":"WebSite","@id":"https:\/\/casa49.lu\/#website","url":"https:\/\/casa49.lu\/","name":"Casa49","description":"Hotel - Restaurant","potentialAction":[{"@type":"SearchAction","target":{"@type":"EntryPoint","urlTemplate":"https:\/\/casa49.lu\/?s={search_term_string}"},"query-input":"required name=search_term_string"}],"inLanguage":"fr-FR"},{"@type":"ImageObject","inLanguage":"fr-FR","@id":"https:\/\/casa49.lu\/?page_id=9022#primaryimage","url":"http:\/\/casa49.lu\/wp-content\/uploads\/2022\/07\/Photo-29-scaled.jpg","contentUrl":"http:\/\/casa49.lu\/wp-content\/uploads\/2022\/07\/Photo-29-scaled.jpg","width":2560,"height":1703},{"@type":"WebPage","@id":"https:\/\/casa49.lu\/?page_id=9022","url":"https:\/\/casa49.lu\/?page_id=9022","name":"L'hotel - Casa49","isPartOf":{"@id":"https:\/\/casa49.lu\/#website"},"primaryImageOfPage":{"@id":"https:\/\/casa49.lu\/?page_id=9022#primaryimage"},"datePublished":"2022-06-28T17:04:27+00:00","dateModified":"2024-04-26T16:30:32+00:00","breadcrumb":{"@id":"https:\/\/casa49.lu\/?page_id=9022#breadcrumb"},"inLanguage":"fr-FR","potentialAction":[{"@type":"ReadAction","target":["https:\/\/casa49.lu\/?page_id=9022"]}]},{"@type":"BreadcrumbList","@id":"https:\/\/casa49.lu\/?page_id=9022#breadcrumb","itemListElement":[{"@type":"ListItem","position":1,"name":"Home","item":"https:\/\/casa49.lu\/"},{"@type":"ListItem","position":2,"name":"L&rsquo;hotel"}]}]}},"_links":{"self":[{"href":"http:\/\/casa49.lu\/index.php?rest_route=\/wp\/v2\/pages\/9022"}],"collection":[{"href":"http:\/\/casa49.lu\/index.php?rest_route=\/wp\/v2\/pages"}],"about":[{"href":"http:\/\/casa49.lu\/index.php?rest_route=\/wp\/v2\/types\/page"}],"author":[{"embeddable":true,"href":"http:\/\/casa49.lu\/index.php?rest_route=\/wp\/v2\/users\/2"}],"replies":[{"embeddable":true,"href":"http:\/\/casa49.lu\/index.php?rest_route=%2Fwp%2Fv2%2Fcomments&post=9022"}],"version-history":[{"count":23,"href":"http:\/\/casa49.lu\/index.php?rest_route=\/wp\/v2\/pages\/9022\/revisions"}],"predecessor-version":[{"id":10054,"href":"http:\/\/casa49.lu\/index.php?rest_route=\/wp\/v2\/pages\/9022\/revisions\/10054"}],"wp:attachment":[{"href":"http:\/\/casa49.lu\/index.php?rest_route=%2Fwp%2Fv2%2Fmedia&parent=9022"}],"curies":[{"name":"wp","href":"https:\/\/api.w.org\/{rel}","templated":true}]}}